{"id":11294,"date":"2024-03-28T16:30:53","date_gmt":"2024-03-28T16:30:53","guid":{"rendered":"https:\/\/mrabtiluxurycar.com\/?post_type=product&#038;p=11294"},"modified":"2024-03-28T16:46:39","modified_gmt":"2024-03-28T16:46:39","slug":"volkswgen-t-roc-2024","status":"publish","type":"product","link":"https:\/\/mrabtiluxurycar.com\/en\/product\/volkswgen-t-roc-2024\/","title":{"rendered":"Volkswgen t-roc extrem 2024"},"content":{"rendered":"<p>D\u00e9couvrez le plaisir de conduire \u00e0 F\u00e8s avec le Volkswagen T-Roc, le crossover compact qui allie style et performance. Avec une puissance de pr\u00e8s de 150 PS, un confort exceptionnel et un espace g\u00e9n\u00e9reux pour tous vos besoins, le T-Roc est parfait pour explorer la ville et ses environs. Louez-le aujourd\u2019hui pour seulement 70 \u20ac\/jour et vivez l\u2019exp\u00e9rience Volkswagen<\/p>\n\n    <div class=\"xs_social_share_widget xs_share_url after_content \t\tmain_content  wslu-style-1 wslu-share-box-shaped wslu-fill-colored wslu-none wslu-share-horizontal wslu-theme-font-no wslu-main_content\">\n\n\t\t\n        <ul>\n\t\t\t        <\/ul>\n    <\/div>","protected":false},"excerpt":{"rendered":"<p>D\u00e9couvrez le plaisir de conduire \u00e0 F\u00e8s avec le Volkswagen T-Roc, le crossover compact qui allie style et performance. Avec une puissance de pr\u00e8s de 150 PS, un confort exceptionnel et un espace g\u00e9n\u00e9reux pour tous vos besoins, le T-Roc est parfait pour explorer la ville et ses environs. Louez-le aujourd\u2019hui pour seulement 70 \u20ac\/jour et vivez l\u2019exp\u00e9rience Volkswagen<\/p>","protected":false},"featured_media":11292,"template":"","meta":{"inline_featured_image":false},"product_cat":[134,155],"product_tag":[],"class_list":{"0":"post-11294","1":"product","2":"type-product","3":"status-publish","4":"has-post-thumbnail","6":"product_cat-luxury","7":"product_cat-suv","9":"first","10":"instock","11":"taxable","12":"shipping-taxable","13":"purchasable","14":"product-type-redq_rental"},"_links":{"self":[{"href":"https:\/\/mrabtiluxurycar.com\/en\/wp-json\/wp\/v2\/product\/11294","targetHints":{"allow":["GET"]}}],"collection":[{"href":"https:\/\/mrabtiluxurycar.com\/en\/wp-json\/wp\/v2\/product"}],"about":[{"href":"https:\/\/mrabtiluxurycar.com\/en\/wp-json\/wp\/v2\/types\/product"}],"wp:featuredmedia":[{"embeddable":true,"href":"https:\/\/mrabtiluxurycar.com\/en\/wp-json\/wp\/v2\/media\/11292"}],"wp:attachment":[{"href":"https:\/\/mrabtiluxurycar.com\/en\/wp-json\/wp\/v2\/media?parent=11294"}],"wp:term":[{"taxonomy":"product_cat","embeddable":true,"href":"https:\/\/mrabtiluxurycar.com\/en\/wp-json\/wp\/v2\/product_cat?post=11294"},{"taxonomy":"product_tag","embeddable":true,"href":"https:\/\/mrabtiluxurycar.com\/en\/wp-json\/wp\/v2\/product_tag?post=11294"}],"curies":[{"name":"wp","href":"https:\/\/api.w.org\/{rel}","templated":true}]}}