{"id":11298,"date":"2024-03-28T16:44:42","date_gmt":"2024-03-28T16:44:42","guid":{"rendered":"https:\/\/mrabtiluxurycar.com\/?post_type=product&#038;p=11298"},"modified":"2024-03-28T16:45:49","modified_gmt":"2024-03-28T16:45:49","slug":"volkswagen-golf-8-2024","status":"publish","type":"product","link":"https:\/\/mrabtiluxurycar.com\/en\/product\/volkswagen-golf-8-2024\/","title":{"rendered":"Volkswagen golf 8 style 2024"},"content":{"rendered":"<p>Voyagez avec \u00e9l\u00e9gance \u00e0 F\u00e8s au volant de la nouvelle Volkswagen Golf 8. Technologie de pointe, confort sup\u00e9rieur et design raffin\u00e9, elle est l\u2019alli\u00e9e parfaite pour vos d\u00e9placements urbains ou vos escapades. R\u00e9servez d\u00e8s maintenant pour une exp\u00e9rience de conduite inoubliable. \ud83d\ude97\u2728<\/p>\n\n    <div class=\"xs_social_share_widget xs_share_url after_content \t\tmain_content  wslu-style-1 wslu-share-box-shaped wslu-fill-colored wslu-none wslu-share-horizontal wslu-theme-font-no wslu-main_content\">\n\n\t\t\n        <ul>\n\t\t\t        <\/ul>\n    <\/div>","protected":false},"excerpt":{"rendered":"<p>Voyagez avec \u00e9l\u00e9gance \u00e0 F\u00e8s au volant de la nouvelle Volkswagen Golf 8. Technologie de pointe, confort sup\u00e9rieur et design raffin\u00e9, elle est l\u2019alli\u00e9e parfaite pour vos d\u00e9placements urbains ou vos escapades. R\u00e9servez d\u00e8s maintenant pour une exp\u00e9rience de conduite inoubliable. \ud83d\ude97\u2728<\/p>","protected":false},"featured_media":11296,"template":"","meta":{"inline_featured_image":false},"product_cat":[134,154],"product_tag":[],"class_list":{"0":"post-11298","1":"product","2":"type-product","3":"status-publish","4":"has-post-thumbnail","6":"product_cat-luxury","7":"product_cat-sports","9":"first","10":"instock","11":"taxable","12":"shipping-taxable","13":"purchasable","14":"product-type-redq_rental"},"_links":{"self":[{"href":"https:\/\/mrabtiluxurycar.com\/en\/wp-json\/wp\/v2\/product\/11298","targetHints":{"allow":["GET"]}}],"collection":[{"href":"https:\/\/mrabtiluxurycar.com\/en\/wp-json\/wp\/v2\/product"}],"about":[{"href":"https:\/\/mrabtiluxurycar.com\/en\/wp-json\/wp\/v2\/types\/product"}],"wp:featuredmedia":[{"embeddable":true,"href":"https:\/\/mrabtiluxurycar.com\/en\/wp-json\/wp\/v2\/media\/11296"}],"wp:attachment":[{"href":"https:\/\/mrabtiluxurycar.com\/en\/wp-json\/wp\/v2\/media?parent=11298"}],"wp:term":[{"taxonomy":"product_cat","embeddable":true,"href":"https:\/\/mrabtiluxurycar.com\/en\/wp-json\/wp\/v2\/product_cat?post=11298"},{"taxonomy":"product_tag","embeddable":true,"href":"https:\/\/mrabtiluxurycar.com\/en\/wp-json\/wp\/v2\/product_tag?post=11298"}],"curies":[{"name":"wp","href":"https:\/\/api.w.org\/{rel}","templated":true}]}}