{"id":11300,"date":"2024-03-28T19:21:48","date_gmt":"2024-03-28T19:21:48","guid":{"rendered":"https:\/\/mrabtiluxurycar.com\/?post_type=product&#038;p=11300"},"modified":"2024-03-28T19:21:48","modified_gmt":"2024-03-28T19:21:48","slug":"peugeot-208-active","status":"publish","type":"product","link":"https:\/\/mrabtiluxurycar.com\/en\/product\/peugeot-208-active\/","title":{"rendered":"Peugeot 208 active"},"content":{"rendered":"<p>D\u00e9couvrez la libert\u00e9 de voyager avec style et confort \u00e0 F\u00e8s. Louez une Peugeot 208 \u00e0 l\u2019a\u00e9roport de F\u00e8s et profitez d\u2019une exp\u00e9rience de conduite exceptionnelle. Avec son design \u00e9l\u00e9gant, son int\u00e9rieur spacieux et ses technologies modernes, la Peugeot 208 est le choix parfait pour explorer la ville et ses environs. R\u00e9servez d\u00e8s maintenant et pr\u00e9parez-vous \u00e0 prendre la route avec \u00e9l\u00e9gance et assurance. La Peugeot 208, l\u2019alliance parfaite de la performance et de l\u2019\u00e9l\u00e9gance, vous attend \u00e0 l\u2019a\u00e9roport de F\u00e8s. \ud83d\ude97\u2728<\/p>\n\n    <div class=\"xs_social_share_widget xs_share_url after_content \t\tmain_content  wslu-style-1 wslu-share-box-shaped wslu-fill-colored wslu-none wslu-share-horizontal wslu-theme-font-no wslu-main_content\">\n\n\t\t\n        <ul>\n\t\t\t        <\/ul>\n    <\/div>","protected":false},"excerpt":{"rendered":"<p>D\u00e9couvrez la libert\u00e9 de voyager avec style et confort \u00e0 F\u00e8s. Louez une Peugeot 208 \u00e0 l\u2019a\u00e9roport de F\u00e8s et profitez d\u2019une exp\u00e9rience de conduite exceptionnelle. Avec son design \u00e9l\u00e9gant, son int\u00e9rieur spacieux et ses technologies modernes, la Peugeot 208 est le choix parfait pour explorer la ville et ses environs. R\u00e9servez d\u00e8s maintenant et pr\u00e9parez-vous \u00e0 prendre la route avec \u00e9l\u00e9gance et assurance. La Peugeot 208, l\u2019alliance parfaite de la performance et de l\u2019\u00e9l\u00e9gance, vous attend \u00e0 l\u2019a\u00e9roport de F\u00e8s. \ud83d\ude97\u2728<\/p>","protected":false},"featured_media":11278,"template":"","meta":{"inline_featured_image":false},"product_cat":[122],"product_tag":[],"class_list":{"0":"post-11300","1":"product","2":"type-product","3":"status-publish","4":"has-post-thumbnail","6":"product_cat-economy","8":"first","9":"instock","10":"taxable","11":"shipping-taxable","12":"purchasable","13":"product-type-redq_rental"},"_links":{"self":[{"href":"https:\/\/mrabtiluxurycar.com\/en\/wp-json\/wp\/v2\/product\/11300","targetHints":{"allow":["GET"]}}],"collection":[{"href":"https:\/\/mrabtiluxurycar.com\/en\/wp-json\/wp\/v2\/product"}],"about":[{"href":"https:\/\/mrabtiluxurycar.com\/en\/wp-json\/wp\/v2\/types\/product"}],"wp:featuredmedia":[{"embeddable":true,"href":"https:\/\/mrabtiluxurycar.com\/en\/wp-json\/wp\/v2\/media\/11278"}],"wp:attachment":[{"href":"https:\/\/mrabtiluxurycar.com\/en\/wp-json\/wp\/v2\/media?parent=11300"}],"wp:term":[{"taxonomy":"product_cat","embeddable":true,"href":"https:\/\/mrabtiluxurycar.com\/en\/wp-json\/wp\/v2\/product_cat?post=11300"},{"taxonomy":"product_tag","embeddable":true,"href":"https:\/\/mrabtiluxurycar.com\/en\/wp-json\/wp\/v2\/product_tag?post=11300"}],"curies":[{"name":"wp","href":"https:\/\/api.w.org\/{rel}","templated":true}]}}