{"id":11304,"date":"2024-03-28T22:10:21","date_gmt":"2024-03-28T22:10:21","guid":{"rendered":"https:\/\/mrabtiluxurycar.com\/?post_type=product&#038;p=11304"},"modified":"2024-03-28T22:10:21","modified_gmt":"2024-03-28T22:10:21","slug":"opel-corsa-restyle","status":"publish","type":"product","link":"https:\/\/mrabtiluxurycar.com\/en\/product\/opel-corsa-restyle\/","title":{"rendered":"Opel corsa restyle"},"content":{"rendered":"<p>Vous cherchez une voiture \u00e9l\u00e9gante et \u00e9conomique pour vos d\u00e9placements ? D\u00e9couvrez la nouvelle <strong>Opel Corsa restyl\u00e9e<\/strong>, parfaite pour la location. Avec son design ext\u00e9rieur modernis\u00e9, ses phares \u00e0 LED efficaces et son int\u00e9rieur raffin\u00e9, elle offre une exp\u00e9rience de conduite exceptionnelle<\/p>\n\n    <div class=\"xs_social_share_widget xs_share_url after_content \t\tmain_content  wslu-style-1 wslu-share-box-shaped wslu-fill-colored wslu-none wslu-share-horizontal wslu-theme-font-no wslu-main_content\">\n\n\t\t\n        <ul>\n\t\t\t        <\/ul>\n    <\/div>","protected":false},"excerpt":{"rendered":"<p>Vous cherchez une voiture \u00e9l\u00e9gante et \u00e9conomique pour vos d\u00e9placements ? D\u00e9couvrez la nouvelle <strong>Opel Corsa restyl\u00e9e<\/strong>, parfaite pour la location. Avec son design ext\u00e9rieur modernis\u00e9, ses phares \u00e0 LED efficaces et son int\u00e9rieur raffin\u00e9, elle offre une exp\u00e9rience de conduite exceptionnelle<\/p>","protected":false},"featured_media":11303,"template":"","meta":{"inline_featured_image":false},"product_cat":[122,155],"product_tag":[],"class_list":{"0":"post-11304","1":"product","2":"type-product","3":"status-publish","4":"has-post-thumbnail","6":"product_cat-economy","7":"product_cat-suv","9":"first","10":"instock","11":"taxable","12":"shipping-taxable","13":"purchasable","14":"product-type-redq_rental"},"_links":{"self":[{"href":"https:\/\/mrabtiluxurycar.com\/en\/wp-json\/wp\/v2\/product\/11304","targetHints":{"allow":["GET"]}}],"collection":[{"href":"https:\/\/mrabtiluxurycar.com\/en\/wp-json\/wp\/v2\/product"}],"about":[{"href":"https:\/\/mrabtiluxurycar.com\/en\/wp-json\/wp\/v2\/types\/product"}],"wp:featuredmedia":[{"embeddable":true,"href":"https:\/\/mrabtiluxurycar.com\/en\/wp-json\/wp\/v2\/media\/11303"}],"wp:attachment":[{"href":"https:\/\/mrabtiluxurycar.com\/en\/wp-json\/wp\/v2\/media?parent=11304"}],"wp:term":[{"taxonomy":"product_cat","embeddable":true,"href":"https:\/\/mrabtiluxurycar.com\/en\/wp-json\/wp\/v2\/product_cat?post=11304"},{"taxonomy":"product_tag","embeddable":true,"href":"https:\/\/mrabtiluxurycar.com\/en\/wp-json\/wp\/v2\/product_tag?post=11304"}],"curies":[{"name":"wp","href":"https:\/\/api.w.org\/{rel}","templated":true}]}}