{"id":11314,"date":"2024-03-28T22:45:50","date_gmt":"2024-03-28T22:45:50","guid":{"rendered":"https:\/\/mrabtiluxurycar.com\/?post_type=product&#038;p=11314"},"modified":"2024-03-28T22:45:50","modified_gmt":"2024-03-28T22:45:50","slug":"dacia-duster-extreme-bva-2024","status":"publish","type":"product","link":"https:\/\/mrabtiluxurycar.com\/en\/product\/dacia-duster-extreme-bva-2024\/","title":{"rendered":"Dacia duster extreme BVA 2024"},"content":{"rendered":"<p>D\u00e9couvrez la libert\u00e9 de l\u2019aventure avec la Dacia Duster BVA, votre compagne id\u00e9ale pour la location de voiture. Confortable, spacieuse et robuste, elle est pr\u00eate \u00e0 vous accompagner sur tous les terrains. R\u00e9servez d\u00e8s maintenant et prenez la route avec assurance et style. \ud83d\ude97\u2728<\/p>\n\n    <div class=\"xs_social_share_widget xs_share_url after_content \t\tmain_content  wslu-style-1 wslu-share-box-shaped wslu-fill-colored wslu-none wslu-share-horizontal wslu-theme-font-no wslu-main_content\">\n\n\t\t\n        <ul>\n\t\t\t        <\/ul>\n    <\/div>","protected":false},"excerpt":{"rendered":"<p>D\u00e9couvrez la libert\u00e9 de l\u2019aventure avec la Dacia Duster BVA, votre compagne id\u00e9ale pour la location de voiture. Confortable, spacieuse et robuste, elle est pr\u00eate \u00e0 vous accompagner sur tous les terrains. R\u00e9servez d\u00e8s maintenant et prenez la route avec assurance et style. \ud83d\ude97\u2728<\/p>","protected":false},"featured_media":11310,"template":"","meta":{"inline_featured_image":false},"product_cat":[122,155],"product_tag":[],"class_list":{"0":"post-11314","1":"product","2":"type-product","3":"status-publish","4":"has-post-thumbnail","6":"product_cat-economy","7":"product_cat-suv","9":"first","10":"instock","11":"taxable","12":"shipping-taxable","13":"purchasable","14":"product-type-redq_rental"},"_links":{"self":[{"href":"https:\/\/mrabtiluxurycar.com\/en\/wp-json\/wp\/v2\/product\/11314","targetHints":{"allow":["GET"]}}],"collection":[{"href":"https:\/\/mrabtiluxurycar.com\/en\/wp-json\/wp\/v2\/product"}],"about":[{"href":"https:\/\/mrabtiluxurycar.com\/en\/wp-json\/wp\/v2\/types\/product"}],"wp:featuredmedia":[{"embeddable":true,"href":"https:\/\/mrabtiluxurycar.com\/en\/wp-json\/wp\/v2\/media\/11310"}],"wp:attachment":[{"href":"https:\/\/mrabtiluxurycar.com\/en\/wp-json\/wp\/v2\/media?parent=11314"}],"wp:term":[{"taxonomy":"product_cat","embeddable":true,"href":"https:\/\/mrabtiluxurycar.com\/en\/wp-json\/wp\/v2\/product_cat?post=11314"},{"taxonomy":"product_tag","embeddable":true,"href":"https:\/\/mrabtiluxurycar.com\/en\/wp-json\/wp\/v2\/product_tag?post=11314"}],"curies":[{"name":"wp","href":"https:\/\/api.w.org\/{rel}","templated":true}]}}