{"id":11322,"date":"2024-03-28T23:47:55","date_gmt":"2024-03-28T23:47:55","guid":{"rendered":"https:\/\/mrabtiluxurycar.com\/?post_type=product&#038;p=11322"},"modified":"2024-03-28T23:47:55","modified_gmt":"2024-03-28T23:47:55","slug":"fiat-500-cabriolet-2024","status":"publish","type":"product","link":"https:\/\/mrabtiluxurycar.com\/en\/product\/fiat-500-cabriolet-2024\/","title":{"rendered":"Fiat 500 cabriolet 2024"},"content":{"rendered":"<p>D\u00e9couvrez la libert\u00e9 et le style avec notre Fiat 500 Cabriolet en location ! \ud83d\ude97\u2728<\/p>\n<p><strong>Sentez le vent dans vos cheveux<\/strong> avec la Fiat 500 Cabriolet, la voiture parfaite pour explorer la ville avec \u00e9l\u00e9gance. Avec son toit ouvrant souple, profitez du soleil ou des \u00e9toiles \u00e0 votre guise.<\/p>\n<p><strong>Compacte et confortable<\/strong>, elle est id\u00e9ale pour se faufiler dans les rues \u00e9troites et trouver des places de parking en un clin d\u2019\u0153il. Son design r\u00e9tro-chic ne manquera pas de tourner les t\u00eates, tandis que son int\u00e9rieur moderne vous assure un trajet agr\u00e9able.<\/p>\n<p>R\u00e9servez d\u00e8s maintenant et <strong>prenez la route avec style<\/strong> ! \ud83c\udf1f<\/p>\n\n    <div class=\"xs_social_share_widget xs_share_url after_content \t\tmain_content  wslu-style-1 wslu-share-box-shaped wslu-fill-colored wslu-none wslu-share-horizontal wslu-theme-font-no wslu-main_content\">\n\n\t\t\n        <ul>\n\t\t\t        <\/ul>\n    <\/div>","protected":false},"excerpt":{"rendered":"<p>D\u00e9couvrez la libert\u00e9 et le style avec notre Fiat 500 Cabriolet en location ! \ud83d\ude97\u2728<\/p>\n<p><strong>Sentez le vent dans vos cheveux<\/strong> avec la Fiat 500 Cabriolet, la voiture parfaite pour explorer la ville avec \u00e9l\u00e9gance. Avec son toit ouvrant souple, profitez du soleil ou des \u00e9toiles \u00e0 votre guise.<\/p>\n<p><strong>Compacte et confortable<\/strong>, elle est id\u00e9ale pour se faufiler dans les rues \u00e9troites et trouver des places de parking en un clin d\u2019\u0153il. Son design r\u00e9tro-chic ne manquera pas de tourner les t\u00eates, tandis que son int\u00e9rieur moderne vous assure un trajet agr\u00e9able.<\/p>\n<p>R\u00e9servez d\u00e8s maintenant et <strong>prenez la route avec style<\/strong> ! \ud83c\udf1f<\/p>","protected":false},"featured_media":11321,"template":"","meta":{"inline_featured_image":false},"product_cat":[122],"product_tag":[],"class_list":{"0":"post-11322","1":"product","2":"type-product","3":"status-publish","4":"has-post-thumbnail","6":"product_cat-economy","8":"first","9":"instock","10":"taxable","11":"shipping-taxable","12":"purchasable","13":"product-type-redq_rental"},"_links":{"self":[{"href":"https:\/\/mrabtiluxurycar.com\/en\/wp-json\/wp\/v2\/product\/11322","targetHints":{"allow":["GET"]}}],"collection":[{"href":"https:\/\/mrabtiluxurycar.com\/en\/wp-json\/wp\/v2\/product"}],"about":[{"href":"https:\/\/mrabtiluxurycar.com\/en\/wp-json\/wp\/v2\/types\/product"}],"wp:featuredmedia":[{"embeddable":true,"href":"https:\/\/mrabtiluxurycar.com\/en\/wp-json\/wp\/v2\/media\/11321"}],"wp:attachment":[{"href":"https:\/\/mrabtiluxurycar.com\/en\/wp-json\/wp\/v2\/media?parent=11322"}],"wp:term":[{"taxonomy":"product_cat","embeddable":true,"href":"https:\/\/mrabtiluxurycar.com\/en\/wp-json\/wp\/v2\/product_cat?post=11322"},{"taxonomy":"product_tag","embeddable":true,"href":"https:\/\/mrabtiluxurycar.com\/en\/wp-json\/wp\/v2\/product_tag?post=11322"}],"curies":[{"name":"wp","href":"https:\/\/api.w.org\/{rel}","templated":true}]}}