{"id":11329,"date":"2024-03-29T00:03:12","date_gmt":"2024-03-29T00:03:12","guid":{"rendered":"https:\/\/mrabtiluxurycar.com\/?post_type=product&#038;p=11329"},"modified":"2024-03-29T00:03:13","modified_gmt":"2024-03-29T00:03:13","slug":"peugeot-208-bva-2024","status":"publish","type":"product","link":"https:\/\/mrabtiluxurycar.com\/en\/product\/peugeot-208-bva-2024\/","title":{"rendered":"Peugeot 208 BVA 2024"},"content":{"rendered":"<p>D\u00e9couvrez la libert\u00e9 de conduire avec la <strong>Peugeot 208 BVA<\/strong>, votre compagne id\u00e9ale pour la ville et au-del\u00e0. Avec sa bo\u00eete de vitesses automatique, chaque trajet devient un plaisir, sans effort. R\u00e9servez d\u00e8s maintenant et profitez d\u2019une exp\u00e9rience de conduite in\u00e9gal\u00e9e. <strong>Libert\u00e9, confort, \u00e9l\u00e9gance &#8211; Peugeot 208 BVA, une r\u00e9volution sur la route<\/strong><\/p>\n\n    <div class=\"xs_social_share_widget xs_share_url after_content \t\tmain_content  wslu-style-1 wslu-share-box-shaped wslu-fill-colored wslu-none wslu-share-horizontal wslu-theme-font-no wslu-main_content\">\n\n\t\t\n        <ul>\n\t\t\t        <\/ul>\n    <\/div>","protected":false},"excerpt":{"rendered":"<p>D\u00e9couvrez la libert\u00e9 de conduire avec la <strong>Peugeot 208 BVA<\/strong>, votre compagne id\u00e9ale pour la ville et au-del\u00e0. Avec sa bo\u00eete de vitesses automatique, chaque trajet devient un plaisir, sans effort. R\u00e9servez d\u00e8s maintenant et profitez d\u2019une exp\u00e9rience de conduite in\u00e9gal\u00e9e. <strong>Libert\u00e9, confort, \u00e9l\u00e9gance &#8211; Peugeot 208 BVA, une r\u00e9volution sur la route<\/strong><\/p>","protected":false},"featured_media":11328,"template":"","meta":{"inline_featured_image":false},"product_cat":[122,155],"product_tag":[],"class_list":{"0":"post-11329","1":"product","2":"type-product","3":"status-publish","4":"has-post-thumbnail","6":"product_cat-economy","7":"product_cat-suv","9":"first","10":"instock","11":"taxable","12":"shipping-taxable","13":"purchasable","14":"product-type-redq_rental"},"_links":{"self":[{"href":"https:\/\/mrabtiluxurycar.com\/en\/wp-json\/wp\/v2\/product\/11329","targetHints":{"allow":["GET"]}}],"collection":[{"href":"https:\/\/mrabtiluxurycar.com\/en\/wp-json\/wp\/v2\/product"}],"about":[{"href":"https:\/\/mrabtiluxurycar.com\/en\/wp-json\/wp\/v2\/types\/product"}],"wp:featuredmedia":[{"embeddable":true,"href":"https:\/\/mrabtiluxurycar.com\/en\/wp-json\/wp\/v2\/media\/11328"}],"wp:attachment":[{"href":"https:\/\/mrabtiluxurycar.com\/en\/wp-json\/wp\/v2\/media?parent=11329"}],"wp:term":[{"taxonomy":"product_cat","embeddable":true,"href":"https:\/\/mrabtiluxurycar.com\/en\/wp-json\/wp\/v2\/product_cat?post=11329"},{"taxonomy":"product_tag","embeddable":true,"href":"https:\/\/mrabtiluxurycar.com\/en\/wp-json\/wp\/v2\/product_tag?post=11329"}],"curies":[{"name":"wp","href":"https:\/\/api.w.org\/{rel}","templated":true}]}}