{"id":11334,"date":"2024-03-29T00:20:18","date_gmt":"2024-03-29T00:20:18","guid":{"rendered":"https:\/\/mrabtiluxurycar.com\/?post_type=product&#038;p=11334"},"modified":"2024-03-29T00:20:18","modified_gmt":"2024-03-29T00:20:18","slug":"fiat-tipo-bva-2024","status":"publish","type":"product","link":"https:\/\/mrabtiluxurycar.com\/en\/product\/fiat-tipo-bva-2024\/","title":{"rendered":"Fiat tipo BVA 2024"},"content":{"rendered":"<p>D\u00e9couvrez la libert\u00e9 de conduire avec la Fiat Tipo BVA, la voiture id\u00e9ale pour vos escapades urbaines et vos aventures sur route. Avec sa bo\u00eete de vitesses automatique, elle offre confort et facilit\u00e9 de conduite. Louez la v\u00f4tre d\u00e8s aujourd\u2019hui et prenez la route avec style et s\u00e9r\u00e9nit\u00e9. <strong>Fiat Tipo BVA<\/strong> &#8211; L\u2019exp\u00e9rience de conduite r\u00e9invent\u00e9e pour vous. \ud83d\ude97\u2728<\/p>\n\n    <div class=\"xs_social_share_widget xs_share_url after_content \t\tmain_content  wslu-style-1 wslu-share-box-shaped wslu-fill-colored wslu-none wslu-share-horizontal wslu-theme-font-no wslu-main_content\">\n\n\t\t\n        <ul>\n\t\t\t        <\/ul>\n    <\/div>","protected":false},"excerpt":{"rendered":"<p>D\u00e9couvrez la libert\u00e9 de conduire avec la Fiat Tipo BVA, la voiture id\u00e9ale pour vos escapades urbaines et vos aventures sur route. Avec sa bo\u00eete de vitesses automatique, elle offre confort et facilit\u00e9 de conduite. Louez la v\u00f4tre d\u00e8s aujourd\u2019hui et prenez la route avec style et s\u00e9r\u00e9nit\u00e9. <strong>Fiat Tipo BVA<\/strong> &#8211; L\u2019exp\u00e9rience de conduite r\u00e9invent\u00e9e pour vous. \ud83d\ude97\u2728<\/p>","protected":false},"featured_media":11333,"template":"","meta":{"inline_featured_image":false},"product_cat":[139,122],"product_tag":[],"class_list":{"0":"post-11334","1":"product","2":"type-product","3":"status-publish","4":"has-post-thumbnail","6":"product_cat-sport","7":"product_cat-economy","9":"first","10":"instock","11":"taxable","12":"shipping-taxable","13":"purchasable","14":"product-type-redq_rental"},"_links":{"self":[{"href":"https:\/\/mrabtiluxurycar.com\/en\/wp-json\/wp\/v2\/product\/11334","targetHints":{"allow":["GET"]}}],"collection":[{"href":"https:\/\/mrabtiluxurycar.com\/en\/wp-json\/wp\/v2\/product"}],"about":[{"href":"https:\/\/mrabtiluxurycar.com\/en\/wp-json\/wp\/v2\/types\/product"}],"wp:featuredmedia":[{"embeddable":true,"href":"https:\/\/mrabtiluxurycar.com\/en\/wp-json\/wp\/v2\/media\/11333"}],"wp:attachment":[{"href":"https:\/\/mrabtiluxurycar.com\/en\/wp-json\/wp\/v2\/media?parent=11334"}],"wp:term":[{"taxonomy":"product_cat","embeddable":true,"href":"https:\/\/mrabtiluxurycar.com\/en\/wp-json\/wp\/v2\/product_cat?post=11334"},{"taxonomy":"product_tag","embeddable":true,"href":"https:\/\/mrabtiluxurycar.com\/en\/wp-json\/wp\/v2\/product_tag?post=11334"}],"curies":[{"name":"wp","href":"https:\/\/api.w.org\/{rel}","templated":true}]}}