{"id":11341,"date":"2024-03-29T00:38:30","date_gmt":"2024-03-29T00:38:30","guid":{"rendered":"https:\/\/mrabtiluxurycar.com\/?post_type=product&#038;p=11341"},"modified":"2024-03-29T00:38:31","modified_gmt":"2024-03-29T00:38:31","slug":"volkswagen-touareg-r-line-2024","status":"publish","type":"product","link":"https:\/\/mrabtiluxurycar.com\/en\/product\/volkswagen-touareg-r-line-2024\/","title":{"rendered":"Volkswagen Touareg R LINE 2024"},"content":{"rendered":"<p>D\u00e9couvrez la libert\u00e9 de la route avec la Volkswagen Touareg R LINE. Con\u00e7ue pour ceux qui exigent excellence et performance, cette SUV de luxe vous offre une exp\u00e9rience de conduite in\u00e9gal\u00e9e. Avec son design audacieux, ses finitions haut de gamme et sa technologie de pointe, la Touareg R LINE est plus qu\u2019un v\u00e9hicule, c\u2019est votre partenaire d\u2019aventure. Louez la v\u00f4tre aujourd\u2019hui et prenez le volant de l\u2019exceptionnel. <strong>Volkswagen Touareg R LINE<\/strong> &#8211; l\u2019\u00e9l\u00e9gance rencontre la puissance.<\/p>\n\n    <div class=\"xs_social_share_widget xs_share_url after_content \t\tmain_content  wslu-style-1 wslu-share-box-shaped wslu-fill-colored wslu-none wslu-share-horizontal wslu-theme-font-no wslu-main_content\">\n\n\t\t\n        <ul>\n\t\t\t        <\/ul>\n    <\/div>","protected":false},"excerpt":{"rendered":"<p>D\u00e9couvrez la libert\u00e9 de la route avec la Volkswagen Touareg R LINE. Con\u00e7ue pour ceux qui exigent excellence et performance, cette SUV de luxe vous offre une exp\u00e9rience de conduite in\u00e9gal\u00e9e. Avec son design audacieux, ses finitions haut de gamme et sa technologie de pointe, la Touareg R LINE est plus qu\u2019un v\u00e9hicule, c\u2019est votre partenaire d\u2019aventure. Louez la v\u00f4tre aujourd\u2019hui et prenez le volant de l\u2019exceptionnel. <strong>Volkswagen Touareg R LINE<\/strong> &#8211; l\u2019\u00e9l\u00e9gance rencontre la puissance.<\/p>","protected":false},"featured_media":11340,"template":"","meta":{"inline_featured_image":false},"product_cat":[134,154],"product_tag":[],"class_list":{"0":"post-11341","1":"product","2":"type-product","3":"status-publish","4":"has-post-thumbnail","6":"product_cat-luxury","7":"product_cat-sports","9":"first","10":"instock","11":"taxable","12":"shipping-taxable","13":"purchasable","14":"product-type-redq_rental"},"_links":{"self":[{"href":"https:\/\/mrabtiluxurycar.com\/en\/wp-json\/wp\/v2\/product\/11341","targetHints":{"allow":["GET"]}}],"collection":[{"href":"https:\/\/mrabtiluxurycar.com\/en\/wp-json\/wp\/v2\/product"}],"about":[{"href":"https:\/\/mrabtiluxurycar.com\/en\/wp-json\/wp\/v2\/types\/product"}],"wp:featuredmedia":[{"embeddable":true,"href":"https:\/\/mrabtiluxurycar.com\/en\/wp-json\/wp\/v2\/media\/11340"}],"wp:attachment":[{"href":"https:\/\/mrabtiluxurycar.com\/en\/wp-json\/wp\/v2\/media?parent=11341"}],"wp:term":[{"taxonomy":"product_cat","embeddable":true,"href":"https:\/\/mrabtiluxurycar.com\/en\/wp-json\/wp\/v2\/product_cat?post=11341"},{"taxonomy":"product_tag","embeddable":true,"href":"https:\/\/mrabtiluxurycar.com\/en\/wp-json\/wp\/v2\/product_tag?post=11341"}],"curies":[{"name":"wp","href":"https:\/\/api.w.org\/{rel}","templated":true}]}}