{"id":11349,"date":"2024-03-29T01:51:19","date_gmt":"2024-03-29T01:51:19","guid":{"rendered":"https:\/\/mrabtiluxurycar.com\/?post_type=product&#038;p=11349"},"modified":"2024-03-29T01:51:20","modified_gmt":"2024-03-29T01:51:20","slug":"range-rover-bebe-velar-2024","status":"publish","type":"product","link":"https:\/\/mrabtiluxurycar.com\/en\/product\/range-rover-bebe-velar-2024\/","title":{"rendered":"Range Rover Bebe velar 2024"},"content":{"rendered":"<p><strong>Louez le Range Rover Evoque et vivez l\u2019\u00e9l\u00e9gance en mouvement.<\/strong><\/p>\n<p>Con\u00e7u pour l\u2019aventure urbaine, le Range Rover Evoque est le compagnon id\u00e9al pour explorer la ville avec style. Avec son design audacieux et son int\u00e9rieur luxueux, chaque trajet devient une exp\u00e9rience exceptionnelle.<\/p>\n<p><strong>Offre de location exclusive:<\/strong><\/p>\n<ul>\n<li>Kilom\u00e9trage illimit\u00e9 pour des aventures sans fin.<\/li>\n<li>Assurance tous risques pour une tranquillit\u00e9 d\u2019esprit totale.<\/li>\n<li>Assistance routi\u00e8re 24\/7 pour vous accompagner partout.<\/li>\n<\/ul>\n<p><strong>R\u00e9servez votre Range Rover Evoque d\u00e8s maintenant et prenez la route avec classe!<\/strong><\/p>\n<p>Contactez-nous pour plus d\u2019informations et d\u00e9couvrez nos offres de location personnalis\u00e9es. Vivez l\u2019exp\u00e9rience Range Rover Evoque, o\u00f9 le luxe rencontre la polyvalence.<\/p>\n\n    <div class=\"xs_social_share_widget xs_share_url after_content \t\tmain_content  wslu-style-1 wslu-share-box-shaped wslu-fill-colored wslu-none wslu-share-horizontal wslu-theme-font-no wslu-main_content\">\n\n\t\t\n        <ul>\n\t\t\t        <\/ul>\n    <\/div>","protected":false},"excerpt":{"rendered":"<p><strong>Louez le Range Rover Evoque et vivez l\u2019\u00e9l\u00e9gance en mouvement.<\/strong><\/p>\n<p>Con\u00e7u pour l\u2019aventure urbaine, le Range Rover Evoque est le compagnon id\u00e9al pour explorer la ville avec style. Avec son design audacieux et son int\u00e9rieur luxueux, chaque trajet devient une exp\u00e9rience exceptionnelle.<\/p>\n<p><strong>Offre de location exclusive:<\/strong><\/p>\n<ul>\n<li>Kilom\u00e9trage illimit\u00e9 pour des aventures sans fin.<\/li>\n<li>Assurance tous risques pour une tranquillit\u00e9 d\u2019esprit totale.<\/li>\n<li>Assistance routi\u00e8re 24\/7 pour vous accompagner partout.<\/li>\n<\/ul>\n<p><strong>R\u00e9servez votre Range Rover Evoque d\u00e8s maintenant et prenez la route avec classe!<\/strong><\/p>\n<p>Contactez-nous pour plus d\u2019informations et d\u00e9couvrez nos offres de location personnalis\u00e9es. Vivez l\u2019exp\u00e9rience Range Rover Evoque, o\u00f9 le luxe rencontre la polyvalence.<\/p>","protected":false},"featured_media":11348,"template":"","meta":{"inline_featured_image":false},"product_cat":[134,154],"product_tag":[],"class_list":{"0":"post-11349","1":"product","2":"type-product","3":"status-publish","4":"has-post-thumbnail","6":"product_cat-luxury","7":"product_cat-sports","9":"first","10":"instock","11":"taxable","12":"shipping-taxable","13":"purchasable","14":"product-type-redq_rental"},"_links":{"self":[{"href":"https:\/\/mrabtiluxurycar.com\/en\/wp-json\/wp\/v2\/product\/11349","targetHints":{"allow":["GET"]}}],"collection":[{"href":"https:\/\/mrabtiluxurycar.com\/en\/wp-json\/wp\/v2\/product"}],"about":[{"href":"https:\/\/mrabtiluxurycar.com\/en\/wp-json\/wp\/v2\/types\/product"}],"wp:featuredmedia":[{"embeddable":true,"href":"https:\/\/mrabtiluxurycar.com\/en\/wp-json\/wp\/v2\/media\/11348"}],"wp:attachment":[{"href":"https:\/\/mrabtiluxurycar.com\/en\/wp-json\/wp\/v2\/media?parent=11349"}],"wp:term":[{"taxonomy":"product_cat","embeddable":true,"href":"https:\/\/mrabtiluxurycar.com\/en\/wp-json\/wp\/v2\/product_cat?post=11349"},{"taxonomy":"product_tag","embeddable":true,"href":"https:\/\/mrabtiluxurycar.com\/en\/wp-json\/wp\/v2\/product_tag?post=11349"}],"curies":[{"name":"wp","href":"https:\/\/api.w.org\/{rel}","templated":true}]}}