{"id":11359,"date":"2024-03-29T14:05:25","date_gmt":"2024-03-29T14:05:25","guid":{"rendered":"https:\/\/mrabtiluxurycar.com\/?post_type=product&#038;p=11359"},"modified":"2024-03-29T14:05:25","modified_gmt":"2024-03-29T14:05:25","slug":"dacia-sandero-2024","status":"publish","type":"product","link":"https:\/\/mrabtiluxurycar.com\/en\/product\/dacia-sandero-2024\/","title":{"rendered":"Dacia Sandero 2024"},"content":{"rendered":"<p>D\u00e9couvrez la libert\u00e9 de la route avec la nouvelle Dacia Sandero ! Parfaite pour vos aventures urbaines ou vos escapades en dehors de la ville, la Sandero offre confort, style et efficacit\u00e9 \u00e0 un prix imbattable. Avec sa consommation \u00e9conomique et son espace int\u00e9rieur g\u00e9n\u00e9reux, elle est id\u00e9ale pour la location. R\u00e9servez la v\u00f4tre d\u00e8s aujourd\u2019hui et prenez le volant de l\u2019exp\u00e9rience ultime de conduite accessible. <strong>Dacia Sandero &#8211; L\u2019aventure vous attend<\/strong><\/p>\n\n    <div class=\"xs_social_share_widget xs_share_url after_content \t\tmain_content  wslu-style-1 wslu-share-box-shaped wslu-fill-colored wslu-none wslu-share-horizontal wslu-theme-font-no wslu-main_content\">\n\n\t\t\n        <ul>\n\t\t\t        <\/ul>\n    <\/div>","protected":false},"excerpt":{"rendered":"<p>D\u00e9couvrez la libert\u00e9 de la route avec la nouvelle Dacia Sandero ! Parfaite pour vos aventures urbaines ou vos escapades en dehors de la ville, la Sandero offre confort, style et efficacit\u00e9 \u00e0 un prix imbattable. Avec sa consommation \u00e9conomique et son espace int\u00e9rieur g\u00e9n\u00e9reux, elle est id\u00e9ale pour la location. R\u00e9servez la v\u00f4tre d\u00e8s aujourd\u2019hui et prenez le volant de l\u2019exp\u00e9rience ultime de conduite accessible. <strong>Dacia Sandero &#8211; L\u2019aventure vous attend<\/strong><\/p>","protected":false},"featured_media":11355,"template":"","meta":{"inline_featured_image":false},"product_cat":[122],"product_tag":[],"class_list":{"0":"post-11359","1":"product","2":"type-product","3":"status-publish","4":"has-post-thumbnail","6":"product_cat-economy","8":"first","9":"instock","10":"taxable","11":"shipping-taxable","12":"purchasable","13":"product-type-redq_rental"},"_links":{"self":[{"href":"https:\/\/mrabtiluxurycar.com\/en\/wp-json\/wp\/v2\/product\/11359","targetHints":{"allow":["GET"]}}],"collection":[{"href":"https:\/\/mrabtiluxurycar.com\/en\/wp-json\/wp\/v2\/product"}],"about":[{"href":"https:\/\/mrabtiluxurycar.com\/en\/wp-json\/wp\/v2\/types\/product"}],"wp:featuredmedia":[{"embeddable":true,"href":"https:\/\/mrabtiluxurycar.com\/en\/wp-json\/wp\/v2\/media\/11355"}],"wp:attachment":[{"href":"https:\/\/mrabtiluxurycar.com\/en\/wp-json\/wp\/v2\/media?parent=11359"}],"wp:term":[{"taxonomy":"product_cat","embeddable":true,"href":"https:\/\/mrabtiluxurycar.com\/en\/wp-json\/wp\/v2\/product_cat?post=11359"},{"taxonomy":"product_tag","embeddable":true,"href":"https:\/\/mrabtiluxurycar.com\/en\/wp-json\/wp\/v2\/product_tag?post=11359"}],"curies":[{"name":"wp","href":"https:\/\/api.w.org\/{rel}","templated":true}]}}