{"id":11365,"date":"2024-03-29T14:31:51","date_gmt":"2024-03-29T14:31:51","guid":{"rendered":"https:\/\/mrabtiluxurycar.com\/?post_type=product&#038;p=11365"},"modified":"2024-03-29T14:31:51","modified_gmt":"2024-03-29T14:31:51","slug":"renault-megane-restyled-2024","status":"publish","type":"product","link":"https:\/\/mrabtiluxurycar.com\/en\/product\/renault-megane-restyled-2024\/","title":{"rendered":"Renault M\u00e9gane restyled 2024"},"content":{"rendered":"<p>Louez la nouvelle Renault Megane BVA et d\u00e9couvrez le plaisir de conduire avec style et confort. Dot\u00e9e d\u2019une bo\u00eete de vitesses automatique fluide et d\u2019un int\u00e9rieur spacieux, la Megane BVA est parfaite pour vos trajets quotidiens ou vos escapades du week-end. R\u00e9servez d\u00e8s maintenant et profitez de nos offres sp\u00e9ciales de location. La route vous attend!<\/p>\n\n    <div class=\"xs_social_share_widget xs_share_url after_content \t\tmain_content  wslu-style-1 wslu-share-box-shaped wslu-fill-colored wslu-none wslu-share-horizontal wslu-theme-font-no wslu-main_content\">\n\n\t\t\n        <ul>\n\t\t\t        <\/ul>\n    <\/div>","protected":false},"excerpt":{"rendered":"<p>Louez la nouvelle Renault Megane BVA et d\u00e9couvrez le plaisir de conduire avec style et confort. Dot\u00e9e d\u2019une bo\u00eete de vitesses automatique fluide et d\u2019un int\u00e9rieur spacieux, la Megane BVA est parfaite pour vos trajets quotidiens ou vos escapades du week-end. R\u00e9servez d\u00e8s maintenant et profitez de nos offres sp\u00e9ciales de location. La route vous attend!<\/p>","protected":false},"featured_media":11364,"template":"","meta":{"inline_featured_image":false},"product_cat":[122,155],"product_tag":[],"class_list":{"0":"post-11365","1":"product","2":"type-product","3":"status-publish","4":"has-post-thumbnail","6":"product_cat-economy","7":"product_cat-suv","9":"first","10":"instock","11":"taxable","12":"shipping-taxable","13":"purchasable","14":"product-type-redq_rental"},"_links":{"self":[{"href":"https:\/\/mrabtiluxurycar.com\/en\/wp-json\/wp\/v2\/product\/11365","targetHints":{"allow":["GET"]}}],"collection":[{"href":"https:\/\/mrabtiluxurycar.com\/en\/wp-json\/wp\/v2\/product"}],"about":[{"href":"https:\/\/mrabtiluxurycar.com\/en\/wp-json\/wp\/v2\/types\/product"}],"wp:featuredmedia":[{"embeddable":true,"href":"https:\/\/mrabtiluxurycar.com\/en\/wp-json\/wp\/v2\/media\/11364"}],"wp:attachment":[{"href":"https:\/\/mrabtiluxurycar.com\/en\/wp-json\/wp\/v2\/media?parent=11365"}],"wp:term":[{"taxonomy":"product_cat","embeddable":true,"href":"https:\/\/mrabtiluxurycar.com\/en\/wp-json\/wp\/v2\/product_cat?post=11365"},{"taxonomy":"product_tag","embeddable":true,"href":"https:\/\/mrabtiluxurycar.com\/en\/wp-json\/wp\/v2\/product_tag?post=11365"}],"curies":[{"name":"wp","href":"https:\/\/api.w.org\/{rel}","templated":true}]}}