{"id":11379,"date":"2024-03-29T15:25:47","date_gmt":"2024-03-29T15:25:47","guid":{"rendered":"https:\/\/mrabtiluxurycar.com\/?post_type=product&#038;p=11379"},"modified":"2024-03-29T15:25:47","modified_gmt":"2024-03-29T15:25:47","slug":"renault-clio-5","status":"publish","type":"product","link":"https:\/\/mrabtiluxurycar.com\/en\/product\/renault-clio-5\/","title":{"rendered":"Renault clio 5"},"content":{"rendered":"<p>D\u00e9couvrez la libert\u00e9 de la route avec la nouvelle Renault Clio 5 en location. Confort, style et performance se rencontrent pour une exp\u00e9rience de conduite inoubliable. R\u00e9servez la v\u00f4tre d\u00e8s aujourd\u2019hui et prenez le volant de l\u2019innovation. #RenaultClio #ConduiteLibre #LocationVoiture<\/p>\n\n    <div class=\"xs_social_share_widget xs_share_url after_content \t\tmain_content  wslu-style-1 wslu-share-box-shaped wslu-fill-colored wslu-none wslu-share-horizontal wslu-theme-font-no wslu-main_content\">\n\n\t\t\n        <ul>\n\t\t\t        <\/ul>\n    <\/div>","protected":false},"excerpt":{"rendered":"<p>D\u00e9couvrez la libert\u00e9 de la route avec la nouvelle Renault Clio 5 en location. Confort, style et performance se rencontrent pour une exp\u00e9rience de conduite inoubliable. R\u00e9servez la v\u00f4tre d\u00e8s aujourd\u2019hui et prenez le volant de l\u2019innovation. #RenaultClio #ConduiteLibre #LocationVoiture<\/p>","protected":false},"featured_media":11378,"template":"","meta":{"inline_featured_image":false},"product_cat":[122],"product_tag":[],"class_list":{"0":"post-11379","1":"product","2":"type-product","3":"status-publish","4":"has-post-thumbnail","6":"product_cat-economy","8":"first","9":"instock","10":"taxable","11":"shipping-taxable","12":"purchasable","13":"product-type-redq_rental"},"_links":{"self":[{"href":"https:\/\/mrabtiluxurycar.com\/en\/wp-json\/wp\/v2\/product\/11379","targetHints":{"allow":["GET"]}}],"collection":[{"href":"https:\/\/mrabtiluxurycar.com\/en\/wp-json\/wp\/v2\/product"}],"about":[{"href":"https:\/\/mrabtiluxurycar.com\/en\/wp-json\/wp\/v2\/types\/product"}],"wp:featuredmedia":[{"embeddable":true,"href":"https:\/\/mrabtiluxurycar.com\/en\/wp-json\/wp\/v2\/media\/11378"}],"wp:attachment":[{"href":"https:\/\/mrabtiluxurycar.com\/en\/wp-json\/wp\/v2\/media?parent=11379"}],"wp:term":[{"taxonomy":"product_cat","embeddable":true,"href":"https:\/\/mrabtiluxurycar.com\/en\/wp-json\/wp\/v2\/product_cat?post=11379"},{"taxonomy":"product_tag","embeddable":true,"href":"https:\/\/mrabtiluxurycar.com\/en\/wp-json\/wp\/v2\/product_tag?post=11379"}],"curies":[{"name":"wp","href":"https:\/\/api.w.org\/{rel}","templated":true}]}}