{"id":11384,"date":"2024-03-29T18:11:26","date_gmt":"2024-03-29T18:11:26","guid":{"rendered":"https:\/\/mrabtiluxurycar.com\/?post_type=product&#038;p=11384"},"modified":"2024-03-29T18:11:26","modified_gmt":"2024-03-29T18:11:26","slug":"hyundai-tucson-2024","status":"publish","type":"product","link":"https:\/\/mrabtiluxurycar.com\/en\/product\/hyundai-tucson-2024\/","title":{"rendered":"Hyundai Tucson 2024"},"content":{"rendered":"<p>\ud83d\ude97 <strong>Hyundai Tucson<\/strong> : La puissance et le confort r\u00e9unis !<\/p>\n<p>Louez la <strong>Hyundai Tucson<\/strong> d\u00e8s aujourd\u2019hui et profitez d\u2019une conduite exceptionnelle. Avec son design \u00e9l\u00e9gant, ses fonctionnalit\u00e9s avanc\u00e9es et sa fiabilit\u00e9, la Tucson est le choix id\u00e9al pour vos trajets quotidiens ou vos escapades en famille.<\/p>\n<p><strong>Caract\u00e9ristiques<\/strong> :<\/p>\n<ul>\n<li>Moteur performant pour une conduite dynamique<\/li>\n<li>Int\u00e9rieur spacieux et confortable<\/li>\n<li>Syst\u00e8me de navigation int\u00e9gr\u00e9<\/li>\n<li>Technologies de s\u00e9curit\u00e9 avanc\u00e9es<\/li>\n<\/ul>\n\n    <div class=\"xs_social_share_widget xs_share_url after_content \t\tmain_content  wslu-style-1 wslu-share-box-shaped wslu-fill-colored wslu-none wslu-share-horizontal wslu-theme-font-no wslu-main_content\">\n\n\t\t\n        <ul>\n\t\t\t        <\/ul>\n    <\/div>","protected":false},"excerpt":{"rendered":"<p>\ud83d\ude97 <strong>Hyundai Tucson<\/strong> : La puissance et le confort r\u00e9unis !<\/p>\n<p>Louez la <strong>Hyundai Tucson<\/strong> d\u00e8s aujourd\u2019hui et profitez d\u2019une conduite exceptionnelle. Avec son design \u00e9l\u00e9gant, ses fonctionnalit\u00e9s avanc\u00e9es et sa fiabilit\u00e9, la Tucson est le choix id\u00e9al pour vos trajets quotidiens ou vos escapades en famille.<\/p>\n<p><strong>Caract\u00e9ristiques<\/strong> :<\/p>\n<ul>\n<li>Moteur performant pour une conduite dynamique<\/li>\n<li>Int\u00e9rieur spacieux et confortable<\/li>\n<li>Syst\u00e8me de navigation int\u00e9gr\u00e9<\/li>\n<li>Technologies de s\u00e9curit\u00e9 avanc\u00e9es<\/li>\n<\/ul>","protected":false},"featured_media":11385,"template":"","meta":{"inline_featured_image":false},"product_cat":[155],"product_tag":[],"class_list":{"0":"post-11384","1":"product","2":"type-product","3":"status-publish","4":"has-post-thumbnail","6":"product_cat-suv","8":"first","9":"instock","10":"taxable","11":"shipping-taxable","12":"purchasable","13":"product-type-redq_rental"},"_links":{"self":[{"href":"https:\/\/mrabtiluxurycar.com\/en\/wp-json\/wp\/v2\/product\/11384","targetHints":{"allow":["GET"]}}],"collection":[{"href":"https:\/\/mrabtiluxurycar.com\/en\/wp-json\/wp\/v2\/product"}],"about":[{"href":"https:\/\/mrabtiluxurycar.com\/en\/wp-json\/wp\/v2\/types\/product"}],"wp:featuredmedia":[{"embeddable":true,"href":"https:\/\/mrabtiluxurycar.com\/en\/wp-json\/wp\/v2\/media\/11385"}],"wp:attachment":[{"href":"https:\/\/mrabtiluxurycar.com\/en\/wp-json\/wp\/v2\/media?parent=11384"}],"wp:term":[{"taxonomy":"product_cat","embeddable":true,"href":"https:\/\/mrabtiluxurycar.com\/en\/wp-json\/wp\/v2\/product_cat?post=11384"},{"taxonomy":"product_tag","embeddable":true,"href":"https:\/\/mrabtiluxurycar.com\/en\/wp-json\/wp\/v2\/product_tag?post=11384"}],"curies":[{"name":"wp","href":"https:\/\/api.w.org\/{rel}","templated":true}]}}