{"id":11392,"date":"2024-03-29T23:01:32","date_gmt":"2024-03-29T23:01:32","guid":{"rendered":"https:\/\/mrabtiluxurycar.com\/?post_type=product&#038;p=11392"},"modified":"2024-03-29T23:01:32","modified_gmt":"2024-03-29T23:01:32","slug":"dacia-stretway-2024","status":"publish","type":"product","link":"https:\/\/mrabtiluxurycar.com\/en\/product\/dacia-stretway-2024\/","title":{"rendered":"Dacia stretway 2024"},"content":{"rendered":"<p>Sandero stretwey et \u00a0l\u2019une des meilleures habitabilit\u00e9s de sa cat\u00e9gorie, son coffre spacieux et ses rangements g\u00e9n\u00e9reux, elle s\u2019adapte \u00e0 votre quotidien pour rendre vos voyages encore plus agr\u00e9ables.<\/p>\n\n    <div class=\"xs_social_share_widget xs_share_url after_content \t\tmain_content  wslu-style-1 wslu-share-box-shaped wslu-fill-colored wslu-none wslu-share-horizontal wslu-theme-font-no wslu-main_content\">\n\n\t\t\n        <ul>\n\t\t\t        <\/ul>\n    <\/div>","protected":false},"excerpt":{"rendered":"<p>Sandero stretwey et \u00a0l\u2019une des meilleures habitabilit\u00e9s de sa cat\u00e9gorie, son coffre spacieux et ses rangements g\u00e9n\u00e9reux, elle s\u2019adapte \u00e0 votre quotidien pour rendre vos voyages encore plus agr\u00e9ables.<\/p>","protected":false},"featured_media":11391,"template":"","meta":{"inline_featured_image":false},"product_cat":[122],"product_tag":[],"class_list":{"0":"post-11392","1":"product","2":"type-product","3":"status-publish","4":"has-post-thumbnail","6":"product_cat-economy","8":"first","9":"instock","10":"taxable","11":"shipping-taxable","12":"purchasable","13":"product-type-redq_rental"},"_links":{"self":[{"href":"https:\/\/mrabtiluxurycar.com\/en\/wp-json\/wp\/v2\/product\/11392","targetHints":{"allow":["GET"]}}],"collection":[{"href":"https:\/\/mrabtiluxurycar.com\/en\/wp-json\/wp\/v2\/product"}],"about":[{"href":"https:\/\/mrabtiluxurycar.com\/en\/wp-json\/wp\/v2\/types\/product"}],"wp:featuredmedia":[{"embeddable":true,"href":"https:\/\/mrabtiluxurycar.com\/en\/wp-json\/wp\/v2\/media\/11391"}],"wp:attachment":[{"href":"https:\/\/mrabtiluxurycar.com\/en\/wp-json\/wp\/v2\/media?parent=11392"}],"wp:term":[{"taxonomy":"product_cat","embeddable":true,"href":"https:\/\/mrabtiluxurycar.com\/en\/wp-json\/wp\/v2\/product_cat?post=11392"},{"taxonomy":"product_tag","embeddable":true,"href":"https:\/\/mrabtiluxurycar.com\/en\/wp-json\/wp\/v2\/product_tag?post=11392"}],"curies":[{"name":"wp","href":"https:\/\/api.w.org\/{rel}","templated":true}]}}