{"id":11399,"date":"2024-03-29T23:21:31","date_gmt":"2024-03-29T23:21:31","guid":{"rendered":"https:\/\/mrabtiluxurycar.com\/?post_type=product&#038;p=11399"},"modified":"2025-10-07T13:03:33","modified_gmt":"2025-10-07T12:03:33","slug":"citroen-c3-2023","status":"publish","type":"product","link":"https:\/\/mrabtiluxurycar.com\/en\/product\/citroen-c3-2023\/","title":{"rendered":"Citro\u00ebn c3 2023"},"content":{"rendered":"<p>La <strong>Citro\u00ebn C3<\/strong> est r\u00e9put\u00e9e pour sa <strong>facilit\u00e9 de conduite<\/strong>et son <strong>confort<\/strong>. Son design compact et maniable en fait une voiture id\u00e9ale pour la ville. De plus, elle offre une suspension douce qui absorbe bien les irr\u00e9gularit\u00e9s de la route, offrant ainsi une exp\u00e9rience de conduite agr\u00e9able. L\u2019int\u00e9rieur spacieux et bien am\u00e9nag\u00e9 ajoute au confort global, avec des si\u00e8ges confortables et une bonne visibilit\u00e9. En somme, la Citro\u00ebn C3 est un choix judicieux pour ceux qui recherchent une conduite facile et un confort appr\u00e9ciable. \ud83d\ude97<\/p>\n\n    <div class=\"xs_social_share_widget xs_share_url after_content \t\tmain_content  wslu-style-1 wslu-share-box-shaped wslu-fill-colored wslu-none wslu-share-horizontal wslu-theme-font-no wslu-main_content\">\n\n\t\t\n        <ul>\n\t\t\t        <\/ul>\n    <\/div>","protected":false},"excerpt":{"rendered":"<p>La <strong>Citro\u00ebn C3<\/strong> est r\u00e9put\u00e9e pour sa <strong>facilit\u00e9 de conduite<\/strong>et son <strong>confort<\/strong>. Son design compact et maniable en fait une voiture id\u00e9ale pour la ville. De plus, elle offre une suspension douce qui absorbe bien les irr\u00e9gularit\u00e9s de la route, offrant ainsi une exp\u00e9rience de conduite agr\u00e9able. L\u2019int\u00e9rieur spacieux et bien am\u00e9nag\u00e9 ajoute au confort global, avec des si\u00e8ges confortables et une bonne visibilit\u00e9. En somme, la Citro\u00ebn C3 est un choix judicieux pour ceux qui recherchent une conduite facile et un confort appr\u00e9ciable. \ud83d\ude97<\/p>","protected":false},"featured_media":11398,"template":"","meta":{"inline_featured_image":false},"product_cat":[122],"product_tag":[],"class_list":{"0":"post-11399","1":"product","2":"type-product","3":"status-publish","4":"has-post-thumbnail","6":"product_cat-economy","8":"first","9":"instock","10":"taxable","11":"shipping-taxable","12":"purchasable","13":"product-type-redq_rental"},"_links":{"self":[{"href":"https:\/\/mrabtiluxurycar.com\/en\/wp-json\/wp\/v2\/product\/11399","targetHints":{"allow":["GET"]}}],"collection":[{"href":"https:\/\/mrabtiluxurycar.com\/en\/wp-json\/wp\/v2\/product"}],"about":[{"href":"https:\/\/mrabtiluxurycar.com\/en\/wp-json\/wp\/v2\/types\/product"}],"wp:featuredmedia":[{"embeddable":true,"href":"https:\/\/mrabtiluxurycar.com\/en\/wp-json\/wp\/v2\/media\/11398"}],"wp:attachment":[{"href":"https:\/\/mrabtiluxurycar.com\/en\/wp-json\/wp\/v2\/media?parent=11399"}],"wp:term":[{"taxonomy":"product_cat","embeddable":true,"href":"https:\/\/mrabtiluxurycar.com\/en\/wp-json\/wp\/v2\/product_cat?post=11399"},{"taxonomy":"product_tag","embeddable":true,"href":"https:\/\/mrabtiluxurycar.com\/en\/wp-json\/wp\/v2\/product_tag?post=11399"}],"curies":[{"name":"wp","href":"https:\/\/api.w.org\/{rel}","templated":true}]}}