{"id":11404,"date":"2024-03-29T23:34:35","date_gmt":"2024-03-29T23:34:35","guid":{"rendered":"https:\/\/mrabtiluxurycar.com\/?post_type=product&#038;p=11404"},"modified":"2024-03-29T23:34:35","modified_gmt":"2024-03-29T23:34:35","slug":"dacia-lodgy-7-place-2024","status":"publish","type":"product","link":"https:\/\/mrabtiluxurycar.com\/en\/product\/dacia-lodgy-7-place-2024\/","title":{"rendered":"Dacia lodgy 7 place 2024"},"content":{"rendered":"<p>Je peux vous aider avec des informations sur la location de la <strong>Dacia Lodgy 7 places<\/strong>. Voici quelques d\u00e9tails sur ce v\u00e9hicule :<\/p>\n<ul>\n<li><strong>Mod\u00e8le<\/strong> : Dacia Lodgy<\/li>\n<li><strong>Nombre de places<\/strong> : 7<\/li>\n<li><strong>Moteur<\/strong> : 1.5 Diesel<\/li>\n<li><strong>Bo\u00eete de vitesses<\/strong> : Manuelle<\/li>\n<li><strong>Volume du coffre<\/strong> :\n<ul>\n<li>Avec les 7 places : 207 litres<\/li>\n<li>Si les si\u00e8ges de la 3e rang\u00e9e sont repli\u00e9s : 827 litres<\/li>\n<li>Si la 2e rang\u00e9e est repli\u00e9e : 1861 litres<\/li>\n<li>Si les si\u00e8ges de la 3e rang\u00e9e sont retir\u00e9s : 2617 litres<\/li>\n<\/ul>\n<\/li>\n<li><strong>\u00c9quipements<\/strong> : Bluetooth, commandes au volant, climatisation manuelle, vitres \u00e9lectriques, ABS, ESP, AFU (frein d\u2019urgence), feux de jour<\/li>\n<\/ul>\n\n    <div class=\"xs_social_share_widget xs_share_url after_content \t\tmain_content  wslu-style-1 wslu-share-box-shaped wslu-fill-colored wslu-none wslu-share-horizontal wslu-theme-font-no wslu-main_content\">\n\n\t\t\n        <ul>\n\t\t\t        <\/ul>\n    <\/div>","protected":false},"excerpt":{"rendered":"<p>Je peux vous aider avec des informations sur la location de la <strong>Dacia Lodgy 7 places<\/strong>. Voici quelques d\u00e9tails sur ce v\u00e9hicule :<\/p>\n<ul>\n<li><strong>Mod\u00e8le<\/strong> : Dacia Lodgy<\/li>\n<li><strong>Nombre de places<\/strong> : 7<\/li>\n<li><strong>Moteur<\/strong> : 1.5 Diesel<\/li>\n<li><strong>Bo\u00eete de vitesses<\/strong> : Manuelle<\/li>\n<li><strong>Volume du coffre<\/strong> :\n<ul>\n<li>Avec les 7 places : 207 litres<\/li>\n<li>Si les si\u00e8ges de la 3e rang\u00e9e sont repli\u00e9s : 827 litres<\/li>\n<li>Si la 2e rang\u00e9e est repli\u00e9e : 1861 litres<\/li>\n<li>Si les si\u00e8ges de la 3e rang\u00e9e sont retir\u00e9s : 2617 litres<\/li>\n<\/ul>\n<\/li>\n<li><strong>\u00c9quipements<\/strong> : Bluetooth, commandes au volant, climatisation manuelle, vitres \u00e9lectriques, ABS, ESP, AFU (frein d\u2019urgence), feux de jour<\/li>\n<\/ul>","protected":false},"featured_media":11403,"template":"","meta":{"inline_featured_image":false},"product_cat":[139],"product_tag":[],"class_list":{"0":"post-11404","1":"product","2":"type-product","3":"status-publish","4":"has-post-thumbnail","6":"product_cat-sport","8":"first","9":"instock","10":"taxable","11":"shipping-taxable","12":"purchasable","13":"product-type-redq_rental"},"_links":{"self":[{"href":"https:\/\/mrabtiluxurycar.com\/en\/wp-json\/wp\/v2\/product\/11404","targetHints":{"allow":["GET"]}}],"collection":[{"href":"https:\/\/mrabtiluxurycar.com\/en\/wp-json\/wp\/v2\/product"}],"about":[{"href":"https:\/\/mrabtiluxurycar.com\/en\/wp-json\/wp\/v2\/types\/product"}],"wp:featuredmedia":[{"embeddable":true,"href":"https:\/\/mrabtiluxurycar.com\/en\/wp-json\/wp\/v2\/media\/11403"}],"wp:attachment":[{"href":"https:\/\/mrabtiluxurycar.com\/en\/wp-json\/wp\/v2\/media?parent=11404"}],"wp:term":[{"taxonomy":"product_cat","embeddable":true,"href":"https:\/\/mrabtiluxurycar.com\/en\/wp-json\/wp\/v2\/product_cat?post=11404"},{"taxonomy":"product_tag","embeddable":true,"href":"https:\/\/mrabtiluxurycar.com\/en\/wp-json\/wp\/v2\/product_tag?post=11404"}],"curies":[{"name":"wp","href":"https:\/\/api.w.org\/{rel}","templated":true}]}}