{"id":11410,"date":"2024-03-31T01:42:44","date_gmt":"2024-03-31T01:42:44","guid":{"rendered":"https:\/\/mrabtiluxurycar.com\/?post_type=product&#038;p=11410"},"modified":"2024-03-31T01:42:44","modified_gmt":"2024-03-31T01:42:44","slug":"renault-clio-4-2021","status":"publish","type":"product","link":"https:\/\/mrabtiluxurycar.com\/en\/product\/renault-clio-4-2021\/","title":{"rendered":"Renault clio 4 2021"},"content":{"rendered":"<p>Pour votre <strong>location Renault Clio<\/strong>, tout a \u00e9t\u00e9 pens\u00e9 afin de simplifier votre d\u00e9marche. Que ce soit pour quelques heures ou durant plusieurs semaines de vacances, vous d\u00e9couvrez le plaisir de conduire un v\u00e9hicule maniable, citadin et pourvu de nombreux \u00e9quipements pratiques issus des toutes derni\u00e8res innovations technologiques.<\/p>\n\n    <div class=\"xs_social_share_widget xs_share_url after_content \t\tmain_content  wslu-style-1 wslu-share-box-shaped wslu-fill-colored wslu-none wslu-share-horizontal wslu-theme-font-no wslu-main_content\">\n\n\t\t\n        <ul>\n\t\t\t        <\/ul>\n    <\/div>","protected":false},"excerpt":{"rendered":"<p>Pour votre <strong>location Renault Clio<\/strong>, tout a \u00e9t\u00e9 pens\u00e9 afin de simplifier votre d\u00e9marche. Que ce soit pour quelques heures ou durant plusieurs semaines de vacances, vous d\u00e9couvrez le plaisir de conduire un v\u00e9hicule maniable, citadin et pourvu de nombreux \u00e9quipements pratiques issus des toutes derni\u00e8res innovations technologiques.<\/p>","protected":false},"featured_media":11409,"template":"","meta":{"inline_featured_image":false},"product_cat":[122],"product_tag":[],"class_list":{"0":"post-11410","1":"product","2":"type-product","3":"status-publish","4":"has-post-thumbnail","6":"product_cat-economy","8":"first","9":"instock","10":"taxable","11":"shipping-taxable","12":"product-type-redq_rental"},"_links":{"self":[{"href":"https:\/\/mrabtiluxurycar.com\/en\/wp-json\/wp\/v2\/product\/11410","targetHints":{"allow":["GET"]}}],"collection":[{"href":"https:\/\/mrabtiluxurycar.com\/en\/wp-json\/wp\/v2\/product"}],"about":[{"href":"https:\/\/mrabtiluxurycar.com\/en\/wp-json\/wp\/v2\/types\/product"}],"wp:featuredmedia":[{"embeddable":true,"href":"https:\/\/mrabtiluxurycar.com\/en\/wp-json\/wp\/v2\/media\/11409"}],"wp:attachment":[{"href":"https:\/\/mrabtiluxurycar.com\/en\/wp-json\/wp\/v2\/media?parent=11410"}],"wp:term":[{"taxonomy":"product_cat","embeddable":true,"href":"https:\/\/mrabtiluxurycar.com\/en\/wp-json\/wp\/v2\/product_cat?post=11410"},{"taxonomy":"product_tag","embeddable":true,"href":"https:\/\/mrabtiluxurycar.com\/en\/wp-json\/wp\/v2\/product_tag?post=11410"}],"curies":[{"name":"wp","href":"https:\/\/api.w.org\/{rel}","templated":true}]}}