{"id":11715,"date":"2024-09-05T17:05:14","date_gmt":"2024-09-05T16:05:14","guid":{"rendered":"https:\/\/mrabtiluxurycar.com\/?post_type=product&#038;p=11715"},"modified":"2024-09-05T18:05:10","modified_gmt":"2024-09-05T17:05:10","slug":"seat-ibiza-fr-limite-voiture-de-location","status":"publish","type":"product","link":"https:\/\/mrabtiluxurycar.com\/en\/product\/seat-ibiza-fr-limite-voiture-de-location\/","title":{"rendered":"Seat Ibiza fr limit\u00e9"},"content":{"rendered":"<p>Louez une voiture facilement Seat Ibiza FR LIMIT\u00c9E \u00e0 F\u00e8s, et explorez la ville de F\u00e8s et ses alentours en toute libert\u00e9. Besoin d&rsquo;une voiture de location au Maroc ? Nous proposons \u00e9galement la location de voiture \u00e0 F\u00e8s et \u00e0 l&rsquo;a\u00e9roport de F\u00e8s. Profitez de nos tarifs comp\u00e9titifs pour une exp\u00e9rience de voyage id\u00e9ale. R\u00e9servez d\u00e8s maintenant !<\/p>\n\n    <div class=\"xs_social_share_widget xs_share_url after_content \t\tmain_content  wslu-style-1 wslu-share-box-shaped wslu-fill-colored wslu-none wslu-share-horizontal wslu-theme-font-no wslu-main_content\">\n\n\t\t\n        <ul>\n\t\t\t        <\/ul>\n    <\/div>","protected":false},"excerpt":{"rendered":"<p>Louez une voiture facilement Seat Ibiza FR LIMIT\u00c9E \u00e0 F\u00e8s, et explorez la ville de F\u00e8s et ses alentours en toute libert\u00e9. Besoin d&rsquo;une voiture de location au Maroc ? Nous proposons \u00e9galement la location de voiture \u00e0 F\u00e8s et \u00e0 l&rsquo;a\u00e9roport de F\u00e8s. Profitez de nos tarifs comp\u00e9titifs pour une exp\u00e9rience de voyage id\u00e9ale. [&hellip;]<\/p>\n","protected":false},"featured_media":11737,"template":"","meta":{"inline_featured_image":false},"product_cat":[134,154],"product_tag":[],"class_list":{"0":"post-11715","1":"product","2":"type-product","3":"status-publish","4":"has-post-thumbnail","6":"product_cat-luxury","7":"product_cat-sports","9":"first","10":"instock","11":"taxable","12":"shipping-taxable","13":"purchasable","14":"product-type-redq_rental"},"_links":{"self":[{"href":"https:\/\/mrabtiluxurycar.com\/en\/wp-json\/wp\/v2\/product\/11715","targetHints":{"allow":["GET"]}}],"collection":[{"href":"https:\/\/mrabtiluxurycar.com\/en\/wp-json\/wp\/v2\/product"}],"about":[{"href":"https:\/\/mrabtiluxurycar.com\/en\/wp-json\/wp\/v2\/types\/product"}],"wp:featuredmedia":[{"embeddable":true,"href":"https:\/\/mrabtiluxurycar.com\/en\/wp-json\/wp\/v2\/media\/11737"}],"wp:attachment":[{"href":"https:\/\/mrabtiluxurycar.com\/en\/wp-json\/wp\/v2\/media?parent=11715"}],"wp:term":[{"taxonomy":"product_cat","embeddable":true,"href":"https:\/\/mrabtiluxurycar.com\/en\/wp-json\/wp\/v2\/product_cat?post=11715"},{"taxonomy":"product_tag","embeddable":true,"href":"https:\/\/mrabtiluxurycar.com\/en\/wp-json\/wp\/v2\/product_tag?post=11715"}],"curies":[{"name":"wp","href":"https:\/\/api.w.org\/{rel}","templated":true}]}}