{"id":11728,"date":"2024-09-05T17:50:08","date_gmt":"2024-09-05T16:50:08","guid":{"rendered":"https:\/\/mrabtiluxurycar.com\/?post_type=product&#038;p=11728"},"modified":"2024-09-05T17:55:47","modified_gmt":"2024-09-05T16:55:47","slug":"renault-clio-5-evolution-tce","status":"publish","type":"product","link":"https:\/\/mrabtiluxurycar.com\/en\/product\/renault-clio-5-evolution-tce\/","title":{"rendered":"Renault clio 5 \u00e9volution TCE"},"content":{"rendered":"<p>&nbsp;<\/p>\n<p>Louez une Renault Clio 5 \u00c9volution TCE \u00e0 Fez et \u00e0 l&rsquo;a\u00e9roport de F\u00e8s. Profitez d&rsquo;une conduite confortable et \u00e9conomique pour vos d\u00e9placements au Maroc. R\u00e9servez d\u00e8s maintenant pour une exp\u00e9rience de voyage agr\u00e9able et pratique. Louez une voiture au Maroc et d\u00e9couvrez Fez en toute libert\u00e9 !<\/p>\n\n    <div class=\"xs_social_share_widget xs_share_url after_content \t\tmain_content  wslu-style-1 wslu-share-box-shaped wslu-fill-colored wslu-none wslu-share-horizontal wslu-theme-font-no wslu-main_content\">\n\n\t\t\n        <ul>\n\t\t\t        <\/ul>\n    <\/div>","protected":false},"excerpt":{"rendered":"<p>&nbsp; Louez une Renault Clio 5 \u00c9volution TCE \u00e0 Fez et \u00e0 l&rsquo;a\u00e9roport de F\u00e8s. Profitez d&rsquo;une conduite confortable et \u00e9conomique pour vos d\u00e9placements au Maroc. R\u00e9servez d\u00e8s maintenant pour une exp\u00e9rience de voyage agr\u00e9able et pratique. Louez une voiture au Maroc et d\u00e9couvrez Fez en toute libert\u00e9 !<\/p>","protected":false},"featured_media":11727,"template":"","meta":{"inline_featured_image":false},"product_cat":[122],"product_tag":[],"class_list":{"0":"post-11728","1":"product","2":"type-product","3":"status-publish","4":"has-post-thumbnail","6":"product_cat-economy","8":"first","9":"instock","10":"taxable","11":"shipping-taxable","12":"purchasable","13":"product-type-redq_rental"},"_links":{"self":[{"href":"https:\/\/mrabtiluxurycar.com\/en\/wp-json\/wp\/v2\/product\/11728","targetHints":{"allow":["GET"]}}],"collection":[{"href":"https:\/\/mrabtiluxurycar.com\/en\/wp-json\/wp\/v2\/product"}],"about":[{"href":"https:\/\/mrabtiluxurycar.com\/en\/wp-json\/wp\/v2\/types\/product"}],"wp:featuredmedia":[{"embeddable":true,"href":"https:\/\/mrabtiluxurycar.com\/en\/wp-json\/wp\/v2\/media\/11727"}],"wp:attachment":[{"href":"https:\/\/mrabtiluxurycar.com\/en\/wp-json\/wp\/v2\/media?parent=11728"}],"wp:term":[{"taxonomy":"product_cat","embeddable":true,"href":"https:\/\/mrabtiluxurycar.com\/en\/wp-json\/wp\/v2\/product_cat?post=11728"},{"taxonomy":"product_tag","embeddable":true,"href":"https:\/\/mrabtiluxurycar.com\/en\/wp-json\/wp\/v2\/product_tag?post=11728"}],"curies":[{"name":"wp","href":"https:\/\/api.w.org\/{rel}","templated":true}]}}