{"id":11743,"date":"2024-09-08T01:47:58","date_gmt":"2024-09-08T00:47:58","guid":{"rendered":"https:\/\/mrabtiluxurycar.com\/?post_type=product&#038;p=11743"},"modified":"2024-11-23T09:25:50","modified_gmt":"2024-11-23T08:25:50","slug":"opel-corsa-2024","status":"publish","type":"product","link":"https:\/\/mrabtiluxurycar.com\/en\/product\/opel-corsa-2024\/","title":{"rendered":"Opel corsa 2024"},"content":{"rendered":"<p>La **Opel Corsa** est une petite citadine allemande, populaire pour son design compact et moderne. Elle offre une conduite agile et \u00e9conomique gr\u00e2ce \u00e0 ses moteurs efficaces. Avec une technologie embarqu\u00e9e avanc\u00e9e et un int\u00e9rieur confortable, la Corsa est id\u00e9ale pour les trajets urbains et les d\u00e9placements quotidiens<\/p>\n\n    <div class=\"xs_social_share_widget xs_share_url after_content \t\tmain_content  wslu-style-1 wslu-share-box-shaped wslu-fill-colored wslu-none wslu-share-horizontal wslu-theme-font-no wslu-main_content\">\n\n\t\t\n        <ul>\n\t\t\t        <\/ul>\n    <\/div>","protected":false},"excerpt":{"rendered":"<p>Opel Corsa 2024 est une petite citadine allemande, populaire pour son design compact et moderne. Elle offre une conduite agile et \u00e9conomique gr\u00e2ce \u00e0 ses moteurs efficaces. Avec une technologie embarqu\u00e9e avanc\u00e9e et un int\u00e9rieur confortable, la Corsa est id\u00e9ale pour les trajets urbains et les d\u00e9placements quotidiens.<\/p>","protected":false},"featured_media":11740,"template":"","meta":{"inline_featured_image":false},"product_cat":[122],"product_tag":[],"class_list":{"0":"post-11743","1":"product","2":"type-product","3":"status-publish","4":"has-post-thumbnail","6":"product_cat-economy","8":"first","9":"instock","10":"taxable","11":"shipping-taxable","12":"purchasable","13":"product-type-redq_rental"},"_links":{"self":[{"href":"https:\/\/mrabtiluxurycar.com\/en\/wp-json\/wp\/v2\/product\/11743","targetHints":{"allow":["GET"]}}],"collection":[{"href":"https:\/\/mrabtiluxurycar.com\/en\/wp-json\/wp\/v2\/product"}],"about":[{"href":"https:\/\/mrabtiluxurycar.com\/en\/wp-json\/wp\/v2\/types\/product"}],"wp:featuredmedia":[{"embeddable":true,"href":"https:\/\/mrabtiluxurycar.com\/en\/wp-json\/wp\/v2\/media\/11740"}],"wp:attachment":[{"href":"https:\/\/mrabtiluxurycar.com\/en\/wp-json\/wp\/v2\/media?parent=11743"}],"wp:term":[{"taxonomy":"product_cat","embeddable":true,"href":"https:\/\/mrabtiluxurycar.com\/en\/wp-json\/wp\/v2\/product_cat?post=11743"},{"taxonomy":"product_tag","embeddable":true,"href":"https:\/\/mrabtiluxurycar.com\/en\/wp-json\/wp\/v2\/product_tag?post=11743"}],"curies":[{"name":"wp","href":"https:\/\/api.w.org\/{rel}","templated":true}]}}